{"id":3304,"date":"2021-12-26T15:37:39","date_gmt":"2021-12-26T15:37:39","guid":{"rendered":"https:\/\/amrgeneva.com\/?page_id=3304"},"modified":"2025-01-21T04:47:15","modified_gmt":"2025-01-21T03:47:15","slug":"our-magazine-amr","status":"publish","type":"page","link":"https:\/\/swissmedia.uk\/index.php\/our-magazine-amr\/","title":{"rendered":"Our Magazines AMR"},"content":{"rendered":"\t\t<div data-elementor-type=\"wp-post\" data-elementor-id=\"3304\" class=\"elementor elementor-3304\">\n\t\t\t\t<div class=\"elementor-element elementor-element-a4eca54 e-flex e-con-boxed e-con e-parent\" data-id=\"a4eca54\" data-element_type=\"container\" data-e-type=\"container\" data-settings=\"{&quot;background_background&quot;:&quot;classic&quot;}\">\n\t\t\t\t\t<div class=\"e-con-inner\">\n\t\t\t\t<div class=\"elementor-element elementor-element-3bdb550 elementor-widget elementor-widget-text-editor\" data-id=\"3bdb550\" data-element_type=\"widget\" data-e-type=\"widget\" data-widget_type=\"text-editor.default\">\n\t\t\t\t<div class=\"elementor-widget-container\">\n\t\t\t\t\t\t\t\t\t<p>OUR MAGAZINES AMR &amp; CH\u00c2TEAUX<\/p>\t\t\t\t\t\t\t\t<\/div>\n\t\t\t\t<\/div>\n\t\t\t\t\t<\/div>\n\t\t\t\t<\/div>\n\t\t\t\t<section class=\"elementor-section elementor-top-section elementor-element elementor-element-3638c76 elementor-section-boxed elementor-section-height-default elementor-section-height-default\" data-id=\"3638c76\" data-element_type=\"section\" data-e-type=\"section\">\n\t\t\t\t\t\t<div class=\"elementor-container elementor-column-gap-default\">\n\t\t\t\t\t<div class=\"elementor-column elementor-col-33 elementor-top-column elementor-element elementor-element-52f8bad\" data-id=\"52f8bad\" data-element_type=\"column\" data-e-type=\"column\">\n\t\t\t<div class=\"elementor-widget-wrap elementor-element-populated\">\n\t\t\t\t\t\t<div class=\"elementor-element elementor-element-d16d164 elementor-position-top elementor-widget elementor-widget-image-box\" data-id=\"d16d164\" data-element_type=\"widget\" data-e-type=\"widget\" data-widget_type=\"image-box.default\">\n\t\t\t\t<div class=\"elementor-widget-container\">\n\t\t\t\t\t<div class=\"elementor-image-box-wrapper\"><figure class=\"elementor-image-box-img\"><a href=\"https:\/\/fr.calameo.com\/read\/00057664869a444145318\" target=\"_blank\" tabindex=\"-1\"><img decoding=\"async\" src=\"https:\/\/amrgeneva.com\/wp-content\/uploads\/2021\/12\/AMRetCHATEAUX-MaquetteMuseedOrsay.png\" title=\"\" alt=\"\" loading=\"lazy\" \/><\/a><\/figure><div class=\"elementor-image-box-content\"><div class=\"elementor-image-box-title\"><a href=\"https:\/\/fr.calameo.com\/read\/00057664869a444145318\" target=\"_blank\">AMR &amp; CH\u00c2TEAUX :<\/a><\/div><p class=\"elementor-image-box-description\">Sp\u00e9cial edition<br>Mus\u00e9e d'Orsay, Paris<\/p><\/div><\/div>\t\t\t\t<\/div>\n\t\t\t\t<\/div>\n\t\t\t\t\t<\/div>\n\t\t<\/div>\n\t\t\t\t<div class=\"elementor-column elementor-col-33 elementor-top-column elementor-element elementor-element-f5868fc\" data-id=\"f5868fc\" data-element_type=\"column\" data-e-type=\"column\">\n\t\t\t<div class=\"elementor-widget-wrap elementor-element-populated\">\n\t\t\t\t\t\t<div class=\"elementor-element elementor-element-6a72aa5 elementor-position-top elementor-widget elementor-widget-image-box\" data-id=\"6a72aa5\" data-element_type=\"widget\" data-e-type=\"widget\" data-widget_type=\"image-box.default\">\n\t\t\t\t<div class=\"elementor-widget-container\">\n\t\t\t\t\t<div class=\"elementor-image-box-wrapper\"><figure class=\"elementor-image-box-img\"><a href=\"https:\/\/fr.calameo.com\/read\/0005766489003a8143d9d\" target=\"_blank\" tabindex=\"-1\"><img decoding=\"async\" src=\"https:\/\/amrgeneva.com\/wp-content\/uploads\/2021\/12\/AMRetCHATEAUXExpoVincentvanGogh2014.png\" title=\"\" alt=\"\" loading=\"lazy\" \/><\/a><\/figure><div class=\"elementor-image-box-content\"><div class=\"elementor-image-box-title\"><a href=\"https:\/\/fr.calameo.com\/read\/0005766489003a8143d9d\" target=\"_blank\">AMR &amp; CH\u00c2TEAUX :<\/a><\/div><p class=\"elementor-image-box-description\">Expo Vincent van Gogh <br>Van Gogh Museum, AMSTERDAM<\/p><\/div><\/div>\t\t\t\t<\/div>\n\t\t\t\t<\/div>\n\t\t\t\t\t<\/div>\n\t\t<\/div>\n\t\t\t\t<div class=\"elementor-column elementor-col-33 elementor-top-column elementor-element elementor-element-224806f\" data-id=\"224806f\" data-element_type=\"column\" data-e-type=\"column\">\n\t\t\t<div class=\"elementor-widget-wrap elementor-element-populated\">\n\t\t\t\t\t\t<div class=\"elementor-element elementor-element-0af8d50 elementor-position-top elementor-widget elementor-widget-image-box\" data-id=\"0af8d50\" data-element_type=\"widget\" data-e-type=\"widget\" data-widget_type=\"image-box.default\">\n\t\t\t\t<div class=\"elementor-widget-container\">\n\t\t\t\t\t<div class=\"elementor-image-box-wrapper\"><figure class=\"elementor-image-box-img\"><a href=\"https:\/\/fr.calameo.com\/read\/000383295bd19d0cb4952\" target=\"_blank\" tabindex=\"-1\"><img decoding=\"async\" src=\"https:\/\/swissmedia.uk\/wp-content\/uploads\/elementor\/thumbs\/amr-r0bdjje2088u532vbbwjr24j60qr3jtc54ah1n1vcw.png\" title=\"amr\" alt=\"amr\" loading=\"lazy\" \/><\/a><\/figure><div class=\"elementor-image-box-content\"><div class=\"elementor-image-box-title\"><a href=\"https:\/\/fr.calameo.com\/read\/000383295bd19d0cb4952\" target=\"_blank\">A M R &amp; CH\u00c2TEAUX :<\/a><\/div><p class=\"elementor-image-box-description\">Exposition Pablo Picasso \u2019\u2019sous le soleil de mithra\u2019\u2019<\/p><\/div><\/div>\t\t\t\t<\/div>\n\t\t\t\t<\/div>\n\t\t\t\t\t<\/div>\n\t\t<\/div>\n\t\t\t\t\t<\/div>\n\t\t<\/section>\n\t\t\t\t<section class=\"elementor-section elementor-top-section elementor-element elementor-element-2bbc3a8 elementor-section-boxed elementor-section-height-default elementor-section-height-default\" data-id=\"2bbc3a8\" data-element_type=\"section\" data-e-type=\"section\">\n\t\t\t\t\t\t<div class=\"elementor-container elementor-column-gap-default\">\n\t\t\t\t\t<div class=\"elementor-column elementor-col-33 elementor-top-column elementor-element elementor-element-5230f31\" data-id=\"5230f31\" data-element_type=\"column\" data-e-type=\"column\">\n\t\t\t<div class=\"elementor-widget-wrap elementor-element-populated\">\n\t\t\t\t\t\t<div class=\"elementor-element elementor-element-b52c892 elementor-position-top elementor-widget elementor-widget-image-box\" data-id=\"b52c892\" data-element_type=\"widget\" data-e-type=\"widget\" data-widget_type=\"image-box.default\">\n\t\t\t\t<div class=\"elementor-widget-container\">\n\t\t\t\t\t<div class=\"elementor-image-box-wrapper\"><figure class=\"elementor-image-box-img\"><a href=\"https:\/\/fr.calameo.com\/read\/000383295cf541e03b9ec\" target=\"_blank\" tabindex=\"-1\"><img decoding=\"async\" src=\"https:\/\/amrgeneva.com\/wp-content\/uploads\/2021\/12\/AMRetCHATEAUXEditionSpecialeMuseeGuggenheim2.png\" title=\"\" alt=\"\" loading=\"lazy\" \/><\/a><\/figure><div class=\"elementor-image-box-content\"><div class=\"elementor-image-box-title\"><a href=\"https:\/\/fr.calameo.com\/read\/000383295cf541e03b9ec\" target=\"_blank\">A M R &amp; CH\u00c2TEAUX :  <\/a><\/div><p class=\"elementor-image-box-description\">Guggenheim Bilbao <br>Un succ\u00e8s in\u00e9galable Le mus\u00e9e Les Collections permanentes Les expositions<\/p><\/div><\/div>\t\t\t\t<\/div>\n\t\t\t\t<\/div>\n\t\t\t\t\t<\/div>\n\t\t<\/div>\n\t\t\t\t<div class=\"elementor-column elementor-col-33 elementor-top-column elementor-element elementor-element-0d3649d\" data-id=\"0d3649d\" data-element_type=\"column\" data-e-type=\"column\">\n\t\t\t<div class=\"elementor-widget-wrap elementor-element-populated\">\n\t\t\t\t\t\t<div class=\"elementor-element elementor-element-d901e6f elementor-position-top elementor-widget elementor-widget-image-box\" data-id=\"d901e6f\" data-element_type=\"widget\" data-e-type=\"widget\" data-widget_type=\"image-box.default\">\n\t\t\t\t<div class=\"elementor-widget-container\">\n\t\t\t\t\t<div class=\"elementor-image-box-wrapper\"><figure class=\"elementor-image-box-img\"><a href=\"https:\/\/fr.calameo.com\/read\/00038329518d10a2c9c80\" target=\"_blank\" tabindex=\"-1\"><img decoding=\"async\" src=\"https:\/\/amrgeneva.com\/wp-content\/uploads\/2021\/12\/AMRetCHATEAUXEditionSpecialeMuseeGuggenheim.png\" title=\"\" alt=\"\" loading=\"lazy\" \/><\/a><\/figure><div class=\"elementor-image-box-content\"><div class=\"elementor-image-box-title\"><a href=\"https:\/\/fr.calameo.com\/read\/00038329518d10a2c9c80\" target=\"_blank\">A M R &amp; CH\u00c2TEAUX :<\/a><\/div><p class=\"elementor-image-box-description\">Fondation Solomon R. Guggenheim, New York<\/p><\/div><\/div>\t\t\t\t<\/div>\n\t\t\t\t<\/div>\n\t\t\t\t\t<\/div>\n\t\t<\/div>\n\t\t\t\t<div class=\"elementor-column elementor-col-33 elementor-top-column elementor-element elementor-element-c83019f\" data-id=\"c83019f\" data-element_type=\"column\" data-e-type=\"column\">\n\t\t\t<div class=\"elementor-widget-wrap elementor-element-populated\">\n\t\t\t\t\t\t<div class=\"elementor-element elementor-element-206437f elementor-position-top elementor-widget elementor-widget-image-box\" data-id=\"206437f\" data-element_type=\"widget\" data-e-type=\"widget\" data-widget_type=\"image-box.default\">\n\t\t\t\t<div class=\"elementor-widget-container\">\n\t\t\t\t\t<div class=\"elementor-image-box-wrapper\"><figure class=\"elementor-image-box-img\"><a href=\"https:\/\/fr.calameo.com\/read\/000383295e61716e77cc8\" target=\"_blank\" tabindex=\"-1\"><img decoding=\"async\" src=\"https:\/\/amrgeneva.com\/wp-content\/uploads\/2021\/12\/AMRetCHATEAUXMuseedartModerne.png\" title=\"\" alt=\"\" loading=\"lazy\" \/><\/a><\/figure><div class=\"elementor-image-box-content\"><div class=\"elementor-image-box-title\"><a href=\"https:\/\/fr.calameo.com\/read\/000383295e61716e77cc8\" target=\"_blank\">A M R &amp; CH\u00c2TEAUX :<\/a><\/div><p class=\"elementor-image-box-description\">Museo d\u2019Arte Moderna Esposizione Marc Chagall<\/p><\/div><\/div>\t\t\t\t<\/div>\n\t\t\t\t<\/div>\n\t\t\t\t\t<\/div>\n\t\t<\/div>\n\t\t\t\t\t<\/div>\n\t\t<\/section>\n\t\t\t\t<section class=\"elementor-section elementor-top-section elementor-element elementor-element-8008074 elementor-section-boxed elementor-section-height-default elementor-section-height-default\" data-id=\"8008074\" data-element_type=\"section\" data-e-type=\"section\">\n\t\t\t\t\t\t<div class=\"elementor-container elementor-column-gap-default\">\n\t\t\t\t\t<div class=\"elementor-column elementor-col-33 elementor-top-column elementor-element elementor-element-1edcecd\" data-id=\"1edcecd\" data-element_type=\"column\" data-e-type=\"column\">\n\t\t\t<div class=\"elementor-widget-wrap elementor-element-populated\">\n\t\t\t\t\t\t<div class=\"elementor-element elementor-element-5e8e2b8 elementor-position-top elementor-widget elementor-widget-image-box\" data-id=\"5e8e2b8\" data-element_type=\"widget\" data-e-type=\"widget\" data-widget_type=\"image-box.default\">\n\t\t\t\t<div class=\"elementor-widget-container\">\n\t\t\t\t\t<div class=\"elementor-image-box-wrapper\"><figure class=\"elementor-image-box-img\"><img decoding=\"async\" src=\"https:\/\/amrgeneva.com\/wp-content\/uploads\/2022\/01\/amr-chagall.jpg\" title=\"\" alt=\"\" loading=\"lazy\" \/><\/figure><div class=\"elementor-image-box-content\"><div class=\"elementor-image-box-title\">A M R &amp; CH\u00c2TEAUX :  <\/div><p class=\"elementor-image-box-description\">Art museum Revue<\/p><\/div><\/div>\t\t\t\t<\/div>\n\t\t\t\t<\/div>\n\t\t\t\t\t<\/div>\n\t\t<\/div>\n\t\t\t\t<div class=\"elementor-column elementor-col-33 elementor-top-column elementor-element elementor-element-cab80d1\" data-id=\"cab80d1\" data-element_type=\"column\" data-e-type=\"column\">\n\t\t\t<div class=\"elementor-widget-wrap elementor-element-populated\">\n\t\t\t\t\t\t<div class=\"elementor-element elementor-element-0513e72 elementor-position-top elementor-widget elementor-widget-image-box\" data-id=\"0513e72\" data-element_type=\"widget\" data-e-type=\"widget\" data-widget_type=\"image-box.default\">\n\t\t\t\t<div class=\"elementor-widget-container\">\n\t\t\t\t\t<div class=\"elementor-image-box-wrapper\"><figure class=\"elementor-image-box-img\"><a href=\"https:\/\/fr.calameo.com\/read\/00038329518d10a2c9c80\" target=\"_blank\" tabindex=\"-1\"><img decoding=\"async\" src=\"https:\/\/amrgeneva.com\/wp-content\/uploads\/2022\/01\/amr-sothebys.jpg\" title=\"\" alt=\"\" loading=\"lazy\" \/><\/a><\/figure><div class=\"elementor-image-box-content\"><div class=\"elementor-image-box-title\"><a href=\"https:\/\/fr.calameo.com\/read\/00038329518d10a2c9c80\" target=\"_blank\">A M R &amp; CH\u00c2TEAUX :<\/a><\/div><p class=\"elementor-image-box-description\">Swiss edition<\/p><\/div><\/div>\t\t\t\t<\/div>\n\t\t\t\t<\/div>\n\t\t\t\t\t<\/div>\n\t\t<\/div>\n\t\t\t\t<div class=\"elementor-column elementor-col-33 elementor-top-column elementor-element elementor-element-dbd0282\" data-id=\"dbd0282\" data-element_type=\"column\" data-e-type=\"column\">\n\t\t\t<div class=\"elementor-widget-wrap elementor-element-populated\">\n\t\t\t\t\t\t<div class=\"elementor-element elementor-element-eb23dc6 elementor-position-top elementor-widget elementor-widget-image-box\" data-id=\"eb23dc6\" data-element_type=\"widget\" data-e-type=\"widget\" data-widget_type=\"image-box.default\">\n\t\t\t\t<div class=\"elementor-widget-container\">\n\t\t\t\t\t<div class=\"elementor-image-box-wrapper\"><figure class=\"elementor-image-box-img\"><a href=\"https:\/\/fr.calameo.com\/read\/000383295e61716e77cc8\" target=\"_blank\" tabindex=\"-1\"><img decoding=\"async\" src=\"https:\/\/amrgeneva.com\/wp-content\/uploads\/2022\/01\/amr-immo.png\" title=\"\" alt=\"\" loading=\"lazy\" \/><\/a><\/figure><div class=\"elementor-image-box-content\"><div class=\"elementor-image-box-title\"><a href=\"https:\/\/fr.calameo.com\/read\/000383295e61716e77cc8\" target=\"_blank\">A M R &amp; CH\u00c2TEAUX :<\/a><\/div><p class=\"elementor-image-box-description\">Swiss Properties<\/p><\/div><\/div>\t\t\t\t<\/div>\n\t\t\t\t<\/div>\n\t\t\t\t\t<\/div>\n\t\t<\/div>\n\t\t\t\t\t<\/div>\n\t\t<\/section>\n\t\t\t\t<section class=\"elementor-section elementor-top-section elementor-element elementor-element-e18a4bb elementor-section-boxed elementor-section-height-default elementor-section-height-default\" data-id=\"e18a4bb\" data-element_type=\"section\" data-e-type=\"section\">\n\t\t\t\t\t\t<div class=\"elementor-container elementor-column-gap-default\">\n\t\t\t\t\t<div class=\"elementor-column elementor-col-33 elementor-top-column elementor-element elementor-element-3e34ab8\" data-id=\"3e34ab8\" data-element_type=\"column\" data-e-type=\"column\">\n\t\t\t<div class=\"elementor-widget-wrap elementor-element-populated\">\n\t\t\t\t\t\t<div class=\"elementor-element elementor-element-6438d57 elementor-position-top elementor-widget elementor-widget-image-box\" data-id=\"6438d57\" data-element_type=\"widget\" data-e-type=\"widget\" data-widget_type=\"image-box.default\">\n\t\t\t\t<div class=\"elementor-widget-container\">\n\t\t\t\t\t<div class=\"elementor-image-box-wrapper\"><figure class=\"elementor-image-box-img\"><a href=\"https:\/\/fr.calameo.com\/read\/000383295bf486bc8c0a9\" target=\"_blank\" tabindex=\"-1\"><img decoding=\"async\" src=\"https:\/\/amrgeneva.com\/wp-content\/uploads\/2022\/01\/tasted.jpg\" title=\"\" alt=\"\" loading=\"lazy\" \/><\/a><\/figure><div class=\"elementor-image-box-content\"><div class=\"elementor-image-box-title\"><a href=\"https:\/\/fr.calameo.com\/read\/000383295bf486bc8c0a9\" target=\"_blank\">TASTED :<\/a><\/div><p class=\"elementor-image-box-description\">New York<\/p><\/div><\/div>\t\t\t\t<\/div>\n\t\t\t\t<\/div>\n\t\t\t\t\t<\/div>\n\t\t<\/div>\n\t\t\t\t<div class=\"elementor-column elementor-col-33 elementor-top-column elementor-element elementor-element-c3d0a93\" data-id=\"c3d0a93\" data-element_type=\"column\" data-e-type=\"column\">\n\t\t\t<div class=\"elementor-widget-wrap elementor-element-populated\">\n\t\t\t\t\t\t<div class=\"elementor-element elementor-element-ddf57af elementor-position-top elementor-widget elementor-widget-image-box\" data-id=\"ddf57af\" data-element_type=\"widget\" data-e-type=\"widget\" data-widget_type=\"image-box.default\">\n\t\t\t\t<div class=\"elementor-widget-container\">\n\t\t\t\t\t<div class=\"elementor-image-box-wrapper\"><figure class=\"elementor-image-box-img\"><a href=\"https:\/\/fr.calameo.com\/read\/0003832955d6daf75ff19\" target=\"_blank\" tabindex=\"-1\"><img decoding=\"async\" src=\"https:\/\/amrgeneva.com\/wp-content\/uploads\/2022\/01\/tasted-geneva.jpg\" title=\"\" alt=\"\" loading=\"lazy\" \/><\/a><\/figure><div class=\"elementor-image-box-content\"><div class=\"elementor-image-box-title\"><a href=\"https:\/\/fr.calameo.com\/read\/0003832955d6daf75ff19\" target=\"_blank\">TASTED :<\/a><\/div><p class=\"elementor-image-box-description\">Geneva<\/p><\/div><\/div>\t\t\t\t<\/div>\n\t\t\t\t<\/div>\n\t\t\t\t\t<\/div>\n\t\t<\/div>\n\t\t\t\t<div class=\"elementor-column elementor-col-33 elementor-top-column elementor-element elementor-element-50c4249\" data-id=\"50c4249\" data-element_type=\"column\" data-e-type=\"column\">\n\t\t\t<div class=\"elementor-widget-wrap\">\n\t\t\t\t\t\t\t<\/div>\n\t\t<\/div>\n\t\t\t\t\t<\/div>\n\t\t<\/section>\n\t\t\t\t<\/div>\n\t\t","protected":false},"excerpt":{"rendered":"<p>OUR MAGAZINES AMR &amp; CH\u00c2TEAUX AMR &amp; CH\u00c2TEAUX : Sp\u00e9cial editionMus\u00e9e d&rsquo;Orsay, Paris AMR &amp; CH\u00c2TEAUX : Expo Vincent van Gogh Van Gogh Museum, AMSTERDAM A M R &#038; CH\u00c2TEAUX : Exposition Pablo Picasso \u2019\u2019sous le soleil de mithra\u2019\u2019 A M R &#038; CH\u00c2TEAUX : Guggenheim Bilbao Un succ\u00e8s in\u00e9galable Le mus\u00e9e Les Collections permanentes [&hellip;]<\/p>\n","protected":false},"author":1,"featured_media":0,"parent":0,"menu_order":0,"comment_status":"closed","ping_status":"closed","template":"","meta":{"footnotes":""},"class_list":["post-3304","page","type-page","status-publish","hentry"],"_links":{"self":[{"href":"https:\/\/swissmedia.uk\/index.php\/wp-json\/wp\/v2\/pages\/3304","targetHints":{"allow":["GET"]}}],"collection":[{"href":"https:\/\/swissmedia.uk\/index.php\/wp-json\/wp\/v2\/pages"}],"about":[{"href":"https:\/\/swissmedia.uk\/index.php\/wp-json\/wp\/v2\/types\/page"}],"author":[{"embeddable":true,"href":"https:\/\/swissmedia.uk\/index.php\/wp-json\/wp\/v2\/users\/1"}],"replies":[{"embeddable":true,"href":"https:\/\/swissmedia.uk\/index.php\/wp-json\/wp\/v2\/comments?post=3304"}],"version-history":[{"count":17,"href":"https:\/\/swissmedia.uk\/index.php\/wp-json\/wp\/v2\/pages\/3304\/revisions"}],"predecessor-version":[{"id":5252,"href":"https:\/\/swissmedia.uk\/index.php\/wp-json\/wp\/v2\/pages\/3304\/revisions\/5252"}],"wp:attachment":[{"href":"https:\/\/swissmedia.uk\/index.php\/wp-json\/wp\/v2\/media?parent=3304"}],"curies":[{"name":"wp","href":"https:\/\/api.w.org\/{rel}","templated":true}]}}